{"id":137,"date":"2022-06-09T01:30:19","date_gmt":"2022-06-08T23:30:19","guid":{"rendered":"http:\/\/reikitreatment.de\/?page_id=137"},"modified":"2023-12-16T21:31:28","modified_gmt":"2023-12-16T20:31:28","slug":"impressum","status":"publish","type":"page","link":"http:\/\/reikitreatment.de\/?page_id=137","title":{"rendered":"Impressum"},"content":{"rendered":"<div id=\"c3\" class=\"frame frame-default frame-type-header frame-layout-0\">\n<header>\n<h1 class=\"\">Impressum<\/h1>\n<h2>Betreiberin und Verantwortliche:<\/h2>\n<\/header>\n<\/div>\n<div id=\"c13\" class=\"frame frame-default frame-type-html frame-layout-0 frame-space-after-extra-large\">\n<p>Cinzia Dassie<br \/>\nReiki Treatment by C.D.<br \/>\nRathenaustr.33<br \/>\n16761 Hennigsdorf<\/p>\n<p>Kontakt<\/p>\n<p>Telefon: +49 1522 413 7173<br \/>\nE-Mail: info@reikitreatment.de<\/p>\n<p>Als Kleinunternehmer im Sinne von \u00a7 19 Abs. 1 UStG wird keine Umsatzsteuer berechnet.<\/p>\n<p>&nbsp;<\/p>\n<p>Berufsbezeichnung: Reiki Anwenderin<\/p>\n<p>Die Europ\u00e4ische Kommission stellt eine Plattform zur Online-Streitbeilegung (OS) bereit, die Sie hier finden: <a href=\"http:\/\/ec.europa.eu\/consumers\/odr\/\" target=\"_blank\" rel=\"noopener\">ec.europa.eu\/consumers\/odr\/<\/a><\/p>\n<p>Meine E-Mail-Adresse finden Sie oben im Impressum.<\/p>\n<h2>Verbraucher\u00adstreit\u00adbeilegung\/Universal\u00adschlichtungs\u00adstelle<\/h2>\n<p>Wir sind nicht bereit oder verpflichtet, an Streitbeilegungsverfahren vor einer Verbraucherschlichtungsstelle teilzunehmen.<\/p>\n<h2>Urheberrecht<\/h2>\n<p>S\u00e4mtliche Inhalte dieser Website sowie das Design und das Logo sind urheberrechtlich gesch\u00fctzt. Unerlaubte Verwendung, Reproduktion oder Weitergabe einzelner Inhalte oder kompletter Seiten kann geahndet werden.<\/p>\n<h2>Haftungshinweis<\/h2>\n<p>Trotz sorgf\u00e4ltiger inhaltlicher Kontrolle \u00fcbernehmen wir keine Haftung f\u00fcr die Inhalte von Seiten, die \u00fcber einen Link erreichbar sind. F\u00fcr den Inhalt der verlinkten Seiten sind ausschlie\u00dflich deren Betreiber verantwortlich.<\/p>\n<div><\/div>\n<div>\n<p><span class=\"font-size-11 lh-1\">1<span class=\"lh-1\">. Inhalt des Onlineangebotes<\/span><\/span><\/p>\n<p>Der Autor \u00fcbernimmt keinerlei Gew\u00e4hr f\u00fcr die Aktualit\u00e4t, Korrektheit, Vollst\u00e4ndigkeit oder Qualit\u00e4t der bereitgestellten Informationen. Haftungsanspr\u00fcche gegen den Autor, welche sich auf Sch\u00e4den materieller oder ideeller Art beziehen, die durch die Nutzung oder Nichtnutzung der dargebotenen Informationen bzw. durch die Nutzung fehlerhafter und unvollst\u00e4ndiger Informationen verursacht wurden, sind grunds\u00e4tzlich ausgeschlossen, sofern seitens des Autors kein nachweislich vors\u00e4tzliches oder grob fahrl\u00e4ssiges Verschulden vorliegt.<\/p>\n<\/div>\n<div><span class=\"lh-1 font-size-11\">\u00a0<\/span><\/div>\n<div>\n<p><span class=\"lh-1 font-size-11\">2. Verweise und Links<\/span><\/p>\n<p>Auf dieser Homepage sind auf verschiedenen Seiten Links zu anderen Seiten im Internet gelegt. F\u00fcr all diese Links gilt:<\/p>\n<p>Der Webmaster und der Inhaber dieser Domain m\u00f6chten ausdr\u00fccklich betonen, dass sie keinerlei Einfluss auf die Gestaltung und die Inhalte der gelinkten Seiten haben. Deshalb distanzieren sie sich hiermit ausdr\u00fccklich von allen Inhalten aller gelinkten Seiten auf unserer Hompage und machen sich ihre Inhalte nicht zu Eigen. Diese Feststellung gilt f\u00fcr alle innerhalb des eigenen Internetangebotes gesetzten Links und Verweise sowie f\u00fcr Fremdeintr\u00e4ge in vom Autor eingerichteten G\u00e4steb\u00fcchern, Diskussionsforen, Linkverzeichnissen, Mailinglisten und in allen anderen Formen von Datenbanken, auf deren Inhalt externe Schreibzugriffe m\u00f6glich sind. F\u00fcr illegale, fehlerhafte oder unvollst\u00e4ndige Inhalte und insbesondere f\u00fcr Sch\u00e4den, die aus der Nutzung oder Nichtnutzung solcherart dargebotener Informationen entstehen, haftet allein der Anbieter der Seite, auf welche verwiesen wurde, nicht derjenige, der \u00fcber Links auf die jeweilige Ver\u00f6ffentlichung lediglich verweist.<\/p>\n<p>3. Urheber- und Kennzeichenrecht<\/p>\n<p>Der Autor ist bestrebt, in allen Publikationen die Urheberrechte der verwendeten Bilder, Grafiken, Tondokumente, Videosequenzen und Texte zu beachten, von ihm selbst erstellte Bilder, Grafiken, Tondokumente, Videosequenzen und Texte zu nutzen oder auf lizenzfreie Grafiken, Tondokumente, Videosequenzen und Texte zur\u00fcckzugreifen. Alle innerhalb des Internetangebotes genannten und ggf. durch Dritte gesch\u00fctzten Marken- und Warenzeichen unterliegen uneingeschr\u00e4nkt den Bestimmungen des jeweils g\u00fcltigen Kennzeichenrechts und den Besitzrechten der jeweiligen eingetragenen Eigent\u00fcmer. Allein aufgrund der blo\u00dfen Nennung ist nicht der Schluss zu ziehen, dass Markenzeichen nicht durch Rechte Dritter gesch\u00fctzt sind! Das Copyright f\u00fcr ver\u00f6ffentlichte, vom Autor selbst erstellte Objekte bleibt allein beim Autor der Seiten. Eine Vervielf\u00e4ltigung oder Verwendung solcher Grafiken, Tondokumente, Videosequenzen und Texte in anderen elektronischen oder gedruckten Publikationen ist ohne ausdr\u00fcckliche Zustimmung des Autors nicht gestattet.<\/p>\n<\/div>\n<div><span class=\"lh-1 font-size-11\">\u00a0<\/span><\/div>\n<div>\n<p><span class=\"lh-1 font-size-11\">4. Datenschutz<\/span><\/p>\n<p>Sofern innerhalb des Internetangebotes die M\u00f6glichkeit zur Eingabe pers\u00f6nlicher oder gesch\u00e4ftlicher Daten (Emailadressen, Namen, Anschriften) besteht, so erfolgt die Preisgabe dieser Daten seitens des Nutzers auf ausdr\u00fccklich freiwilliger Basis. Die Inanspruchnahme und Bezahlung aller angebotenen Dienste ist &#8211; soweit technisch m\u00f6glich und zumutbar &#8211; auch ohne Angabe solcher Daten bzw. unter Angabe anonymisierter Daten oder eines Pseudonyms gestattet. Die Nutzung der im Rahmen des Impressums oder vergleichbarer Angaben ver\u00f6ffentlichten Kontaktdaten wie Postanschriften, Telefon- und Faxnummern sowie Emailadressen durch Dritte zur \u00dcbersendung von nicht ausdr\u00fccklich angeforderten Informationen ist nicht gestattet. Rechtliche Schritte gegen die Versender von so genannten Spam-Mails bei Verst\u00f6\u00dfen gegen dieses Verbot sind ausdr\u00fccklich vorbehalten.<\/p>\n<\/div>\n<div><\/div>\n<div>\n<p><span class=\"lh-1 font-size-11\">\u00a05. Rechtswirksamkeit dieses Haftungsausschlusses<\/span><\/p>\n<p>Dieser Haftungsausschluss ist als Teil des Internetangebotes zu betrachten, von dem aus auf diese Seite verwiesen wurde. Sofern Teile oder einzelne Formulierungen dieses Textes der geltenden Rechtslage nicht, nicht mehr oder nicht vollst\u00e4ndig entsprechen sollten, bleiben die \u00fcbrigen Teile des Dokumentes in ihrem Inhalt und ihrer G\u00fcltigkeit davon unber\u00fchrt.<\/p>\n<\/div>\n<div><span class=\"lh-1 font-size-11\">\u00a0<\/span><\/div>\n<div><span class=\"lh-1 font-size-11\"><span class=\"lh-1\">6. Schutzrechtsverletzung und Hinweise f\u00fcr Abmahnversuche<br \/>\nDie Inhalte sind nach bestem Wissen und Gewissen zusammengestellt. Falls Sie dennoch vermuten, dass von meiner Website aus eines Ihrer Schutzrechte verletzt wird, teilen Sie mir das bitte umgehend per E-Mail mit, damit schnell Abhilfe geschaffen werden kann. Sollten Inhalte meiner Website die Rechte Dritter oder gesetzliche Bestimmungen verletzen, so bitte ich ebenfalls um eine entsprechende Nachricht ohne Kostennote. Ich garantiere, dass die zu Recht beanstandeten Passagen unverz\u00fcglich entfernt bzw. korrigiert werden, ohne dass von Ihrer Seite die Einschaltung eines Rechtsbeistandes erforderlich w\u00e4re.\u00a0<\/span><br \/>\n<\/span><\/div>\n<div><span class=\"lh-1 font-size-11\">\u00a0<\/span><\/div>\n<div><span class=\"font-size-11 lh-1\">\u00a0<\/span><\/div>\n<div><strong><span class=\"font-size-11 lh-1\">Wichtige Hinweise entsprechend dem Heilmittelwerbegesetz (HWG)<\/span><\/strong><\/div>\n<div><strong><span class=\"font-size-11 lh-1\">Ich gebe keine Heilversprechen und stelle keine Diagnosen.<br \/>\n<\/span><\/strong><\/div>\n<div><span class=\"font-size-11 lh-1\"><strong>Der Besuch bei mir ersetzt keinen Arzt oder Heilpraktiker.\u00a0<\/strong><br \/>\n<\/span><\/div>\n<div><\/div>\n<\/div>\n","protected":false},"excerpt":{"rendered":"<p>Impressum Betreiberin und Verantwortliche: Cinzia Dassie Reiki Treatment by C.D. Rathenaustr.33 16761 Hennigsdorf Kontakt Telefon: +49 1522 413 7173 E-Mail: info@reikitreatment.de Als Kleinunternehmer im Sinne von \u00a7 19 Abs. 1 UStG wird keine Umsatzsteuer berechnet. &nbsp; Berufsbezeichnung: Reiki Anwenderin Die Europ\u00e4ische Kommission stellt eine Plattform zur Online-Streitbeilegung (OS) bereit, die Sie hier finden: ec.europa.eu\/consumers\/odr\/ Meine &hellip; <\/p>\n<p class=\"link-more\"><a href=\"http:\/\/reikitreatment.de\/?page_id=137\" class=\"more-link\">Continue reading<span class=\"screen-reader-text\"> &#8222;Impressum&#8220;<\/span><\/a><\/p>\n","protected":false},"author":1,"featured_media":0,"parent":0,"menu_order":0,"comment_status":"closed","ping_status":"closed","template":"","meta":{"footnotes":""},"_links":{"self":[{"href":"http:\/\/reikitreatment.de\/index.php?rest_route=\/wp\/v2\/pages\/137"}],"collection":[{"href":"http:\/\/reikitreatment.de\/index.php?rest_route=\/wp\/v2\/pages"}],"about":[{"href":"http:\/\/reikitreatment.de\/index.php?rest_route=\/wp\/v2\/types\/page"}],"author":[{"embeddable":true,"href":"http:\/\/reikitreatment.de\/index.php?rest_route=\/wp\/v2\/users\/1"}],"replies":[{"embeddable":true,"href":"http:\/\/reikitreatment.de\/index.php?rest_route=%2Fwp%2Fv2%2Fcomments&post=137"}],"version-history":[{"count":4,"href":"http:\/\/reikitreatment.de\/index.php?rest_route=\/wp\/v2\/pages\/137\/revisions"}],"predecessor-version":[{"id":338,"href":"http:\/\/reikitreatment.de\/index.php?rest_route=\/wp\/v2\/pages\/137\/revisions\/338"}],"wp:attachment":[{"href":"http:\/\/reikitreatment.de\/index.php?rest_route=%2Fwp%2Fv2%2Fmedia&parent=137"}],"curies":[{"name":"wp","href":"https:\/\/api.w.org\/{rel}","templated":true}]}}