{"id":156,"date":"2022-06-09T03:01:45","date_gmt":"2022-06-09T01:01:45","guid":{"rendered":"http:\/\/reikitreatment.de\/?page_id=156"},"modified":"2023-12-16T21:35:52","modified_gmt":"2023-12-16T20:35:52","slug":"wichtige-hinweise","status":"publish","type":"page","link":"http:\/\/reikitreatment.de\/?page_id=156","title":{"rendered":"Wichtige Hinweise"},"content":{"rendered":"<p>Alle angegebenen Preise sind Endpreise.<\/p>\n<p>Gem\u00e4\u00df \u00a7 19 UStG erhebe ich keine Umsatzsteuer und weise diese folglich auch nicht aus (Kleinunternehmerstatus).<\/p>\n<p><em><strong>Erste Terminbest\u00e4tigung<\/strong><\/em><b> und Bezahlung f\u00fcr Ausbildungsseminare:<\/b><\/p>\n<p>Der mit Ihnen vereinbarte Termin gilt erst als verbindlich best\u00e4tigt, wenn eine Anzahlung \u00fcber 50% des Preises auf meinem Konto eingegangen ist. Bitte die Anzahlung m\u00f6glichst umgehend nach der Terminabsprache \u00fcberweisen, da es erfahrungsgem\u00e4\u00df bis zu 4 Tagen dauern kann, bis das Geld auf dem Konto eingeht. Oder nutzen Sie Paypal. \u00a0 \u00a0 \u00a0 \u00a0 \u00a0 \u00a0 \u00a0 \u00a0 \u00a0 \u00a0 \u00a0 \u00a0 \u00a0 \u00a0 \u00a0 \u00a0 \u00a0 \u00a0 \u00a0 \u00a0 \u00a0 \u00a0 \u00a0 \u00a0 \u00a0 \u00a0 \u00a0 \u00a0 \u00a0 \u00a0 \u00a0 \u00a0 \u00a0 \u00a0 \u00a0 \u00a0 \u00a0 Ist der Betrag 1 Tag vor den Termin noch nicht eingegangen, wird der Termin wieder zur anderweitigen Vergabe freigegeben. Die Kontoverbindung\/Paypal link erhalten Sie bei der Terminabsprache. Der Restbetrag ist am 1.Tag zu Beginn der Ausbildung in Bar zu begleichen.<\/p>\n<p><b>Stornogeb\u00fchren f\u00fcr Ausbildungsseminare:<\/b><\/p>\n<p>F\u00fcr Ausbildungsseminare ist eine Vorauszahlung in H\u00f6he von 50% des Seminarpreises zu \u00fcberweisen. Die Kontoverbindung erhalten Sie bei der Terminabsprache. Wird das Seminar bis zu 5 Tagen vor dem vereinbarten Termin abgesagt und kein Ersatztermin vereinbart, dann wird ein Betrag als Ausfall- und Aufwandsentsch\u00e4digung einbehalten.<\/p>\n<p><b>Reiki\/Fernreiki:<\/b><\/p>\n<p>Es wird ausdr\u00fccklich darauf hingewiesen, dass Energie\u00fcbertragung durch Handauflegen der Aktivierung der Selbstheilungskr\u00e4fte dient und nicht die Diagnose oder Behandlung durch einen Arzt oder Heilpraktiker ersetzt.<\/p>\n<p>Sollten Sie akut unter Beschwerden leiden, fragen Sie bitte Ihren Arzt, ob Sie gesundheitlich in der Lage sind, eine Reiki-Anwendung zu erhalten. Nach einer Reiki-Anwendung kann eine Erstverschlimmerung eintreten (\u00e4hnlich wie bei einer hom\u00f6opathischen Behandlung).<\/p>\n<p>Selbstverst\u00e4ndlich stehe ich Ihnen nach der Anwendung f\u00fcr Fragen jederzeit zur Verf\u00fcgung.<\/p>\n<p>Jeder Reiki-Klient handelt auf k\u00f6rperlicher, geistiger und seelischer Ebene eigenverantwortlich f\u00fcr sich selbst.<\/p>\n<p>Es findet keine Heilung im schulmedizinischen Sinne statt.<\/p>\n<p>Reiki bewirkt lediglich eine St\u00e4rkung\/Aktivierung der Selbstheilungskr\u00e4fte, durch Energiezufuhr per Handauflegen, die sich positiv auf k\u00f6rpereigene Prozesse auswirken kann.<\/p>\n<h3>Es werden keinerlei Diagnosen gestellt und keine Medikamente verordnet. Es darf und wird keinerlei Heilversprechen gegeben.<\/h3>\n<p>&nbsp;<\/p>\n","protected":false},"excerpt":{"rendered":"<p>Alle angegebenen Preise sind Endpreise. Gem\u00e4\u00df \u00a7 19 UStG erhebe ich keine Umsatzsteuer und weise diese folglich auch nicht aus (Kleinunternehmerstatus). Erste Terminbest\u00e4tigung und Bezahlung f\u00fcr Ausbildungsseminare: Der mit Ihnen vereinbarte Termin gilt erst als verbindlich best\u00e4tigt, wenn eine Anzahlung \u00fcber 50% des Preises auf meinem Konto eingegangen ist. Bitte die Anzahlung m\u00f6glichst umgehend nach &hellip; <\/p>\n<p class=\"link-more\"><a href=\"http:\/\/reikitreatment.de\/?page_id=156\" class=\"more-link\">Continue reading<span class=\"screen-reader-text\"> &#8222;Wichtige Hinweise&#8220;<\/span><\/a><\/p>\n","protected":false},"author":1,"featured_media":19,"parent":0,"menu_order":0,"comment_status":"closed","ping_status":"closed","template":"","meta":{"footnotes":""},"_links":{"self":[{"href":"http:\/\/reikitreatment.de\/index.php?rest_route=\/wp\/v2\/pages\/156"}],"collection":[{"href":"http:\/\/reikitreatment.de\/index.php?rest_route=\/wp\/v2\/pages"}],"about":[{"href":"http:\/\/reikitreatment.de\/index.php?rest_route=\/wp\/v2\/types\/page"}],"author":[{"embeddable":true,"href":"http:\/\/reikitreatment.de\/index.php?rest_route=\/wp\/v2\/users\/1"}],"replies":[{"embeddable":true,"href":"http:\/\/reikitreatment.de\/index.php?rest_route=%2Fwp%2Fv2%2Fcomments&post=156"}],"version-history":[{"count":6,"href":"http:\/\/reikitreatment.de\/index.php?rest_route=\/wp\/v2\/pages\/156\/revisions"}],"predecessor-version":[{"id":278,"href":"http:\/\/reikitreatment.de\/index.php?rest_route=\/wp\/v2\/pages\/156\/revisions\/278"}],"wp:featuredmedia":[{"embeddable":true,"href":"http:\/\/reikitreatment.de\/index.php?rest_route=\/wp\/v2\/media\/19"}],"wp:attachment":[{"href":"http:\/\/reikitreatment.de\/index.php?rest_route=%2Fwp%2Fv2%2Fmedia&parent=156"}],"curies":[{"name":"wp","href":"https:\/\/api.w.org\/{rel}","templated":true}]}}